{"id":4164,"date":"2022-09-03T17:21:09","date_gmt":"2022-09-03T17:21:09","guid":{"rendered":"http:\/\/www.ipmilac.com\/en\/?page_id=4164"},"modified":"2023-06-08T21:21:04","modified_gmt":"2023-06-08T21:21:04","slug":"ribogen-solution-for-injection","status":"publish","type":"page","link":"https:\/\/www.ipmilac.com\/en\/products\/animal-health\/horse\/ribogen-solution-for-injection\/","title":{"rendered":"Ribogen Solution for Injection"},"content":{"rendered":"\t\t<div data-elementor-type=\"wp-page\" data-elementor-id=\"4164\" class=\"elementor elementor-4164\" data-elementor-post-type=\"page\">\n\t\t\t\t\t\t<section class=\"elementor-section elementor-top-section elementor-element elementor-element-91c8d65 elementor-section-content-middle elementor-section-height-min-height elementor-section-boxed elementor-section-height-default elementor-section-items-middle\" data-id=\"91c8d65\" data-element_type=\"section\">\n\t\t\t\t\t\t<div class=\"elementor-container elementor-column-gap-default\">\n\t\t\t\t\t<div class=\"elementor-column elementor-col-50 elementor-top-column elementor-element elementor-element-6c87ee0\" data-id=\"6c87ee0\" data-element_type=\"column\">\n\t\t\t<div class=\"elementor-widget-wrap elementor-element-populated\">\n\t\t\t\t\t\t<div class=\"elementor-element elementor-element-170ac9d elementor-widget elementor-widget-heading\" data-id=\"170ac9d\" data-element_type=\"widget\" data-widget_type=\"heading.default\">\n\t\t\t\t<div class=\"elementor-widget-container\">\n\t\t\t\t\t<h3 class=\"elementor-heading-title elementor-size-default\">Ribogen Solution for Injection<\/h3>\t\t\t\t<\/div>\n\t\t\t\t<\/div>\n\t\t\t\t\t<\/div>\n\t\t<\/div>\n\t\t\t\t<div class=\"elementor-column elementor-col-50 elementor-top-column elementor-element elementor-element-9b0031c\" data-id=\"9b0031c\" data-element_type=\"column\">\n\t\t\t<div class=\"elementor-widget-wrap elementor-element-populated\">\n\t\t\t\t\t\t<div class=\"elementor-element elementor-element-89a1c07 elementor-align-right elementor-mobile-align-left elementor-widget elementor-widget-breadcrumbs\" data-id=\"89a1c07\" data-element_type=\"widget\" data-widget_type=\"breadcrumbs.default\">\n\t\t\t\t<div class=\"elementor-widget-container\">\n\t\t\t\t\t<p id=\"breadcrumbs\"><span><span><a href=\"https:\/\/www.ipmilac.com\/en\/\">Anasayfa<\/a><\/span><\/span><\/p>\t\t\t\t<\/div>\n\t\t\t\t<\/div>\n\t\t\t\t\t<\/div>\n\t\t<\/div>\n\t\t\t\t\t<\/div>\n\t\t<\/section>\n\t\t\t\t<section class=\"elementor-section elementor-top-section elementor-element elementor-element-f433f78 elementor-section-boxed elementor-section-height-default elementor-section-height-default\" data-id=\"f433f78\" data-element_type=\"section\">\n\t\t\t\t\t\t<div class=\"elementor-container elementor-column-gap-default\">\n\t\t\t\t\t<div class=\"elementor-column elementor-col-50 elementor-top-column elementor-element elementor-element-7fbebb7 urun-detay\" data-id=\"7fbebb7\" data-element_type=\"column\">\n\t\t\t<div class=\"elementor-widget-wrap elementor-element-populated\">\n\t\t\t\t\t\t<div class=\"elementor-element elementor-element-78a2e30 elementor-widget elementor-widget-heading\" data-id=\"78a2e30\" data-element_type=\"widget\" data-widget_type=\"heading.default\">\n\t\t\t\t<div class=\"elementor-widget-container\">\n\t\t\t\t\t<h4 class=\"elementor-heading-title elementor-size-default\">COMPOSITION<\/h4>\t\t\t\t<\/div>\n\t\t\t\t<\/div>\n\t\t\t\t<div class=\"elementor-element elementor-element-abb8631 elementor-widget elementor-widget-text-editor\" data-id=\"abb8631\" data-element_type=\"widget\" data-widget_type=\"text-editor.default\">\n\t\t\t\t<div class=\"elementor-widget-container\">\n\t\t\t\t\t\t\t\t\t<section id=\"text-box-820625-106502\" class=\"text_box fadeIn animated\" data-rt-animate=\"animate\" data-rt-animation-type=\"fadeIn\" data-rt-animation-group=\"single\"><section id=\"text-box-559860-106502\" class=\"text_box fadeIn animated\" data-rt-animate=\"animate\" data-rt-animation-type=\"fadeIn\" data-rt-animation-group=\"single\"><section id=\"text-box-348068-106502\" class=\"text_box fadeIn animated\" data-rt-animate=\"animate\" data-rt-animation-type=\"fadeIn\" data-rt-animation-group=\"single\"><section id=\"text-box-619238-106502\" class=\"text_box fadeIn animated\" data-rt-animate=\"animate\" data-rt-animation-type=\"fadeIn\" data-rt-animation-group=\"single\"><section id=\"text-box-795470-106502\" class=\"text_box fadeIn animated\" data-rt-animate=\"animate\" data-rt-animation-type=\"fadeIn\" data-rt-animation-group=\"single\"><section id=\"text-box-972434-106502\" class=\"text_box fadeIn animated\" data-rt-animate=\"animate\" data-rt-animation-type=\"fadeIn\" data-rt-animation-group=\"single\"><section id=\"text-box-923137-106502\" class=\"text_box fadeIn animated\" data-rt-animate=\"animate\" data-rt-animation-type=\"fadeIn\" data-rt-animation-group=\"single\"><section id=\"text-box-586665-106502\" class=\"text_box fadeIn animated\" data-rt-animate=\"animate\" data-rt-animation-type=\"fadeIn\" data-rt-animation-group=\"single\"><div class=\"box two-three \"><section id=\"text-box-518477-106502\" class=\"text_box fadeIn animated\" data-rt-animate=\"animate\" data-rt-animation-type=\"fadeIn\" data-rt-animation-group=\"single\"><div class=\"box two-three \"><section id=\"text-box-302696-106502\" class=\"text_box fadeIn animated\" data-rt-animate=\"animate\" data-rt-animation-type=\"fadeIn\" data-rt-animation-group=\"single\"><div class=\"box two-three \"><section id=\"text-box-401389-106502\" class=\"text_box fadeIn animated\" data-rt-animate=\"animate\" data-rt-animation-type=\"fadeIn\" data-rt-animation-group=\"single\"><div class=\"box two-three \"><section id=\"text-box-991384-106502\" class=\"text_box fadeIn animated\" data-rt-animate=\"animate\" data-rt-animation-type=\"fadeIn\" data-rt-animation-group=\"single\"><div class=\"box two-three \"><section id=\"text-box-809259-106502\" class=\"text_box fadeIn animated\" data-rt-animate=\"animate\" data-rt-animation-type=\"fadeIn\" data-rt-animation-group=\"single\"><div class=\"box two-three \"><section id=\"text-box-869507-106502\" class=\"text_box fadeIn animated\" data-rt-animate=\"animate\" data-rt-animation-type=\"fadeIn\" data-rt-animation-group=\"single\"><div class=\"box two-three \"><section id=\"text-box-381409-106502\" class=\"text_box fadeIn animated\" data-rt-animate=\"animate\" data-rt-animation-type=\"fadeIn\" data-rt-animation-group=\"single\"><div class=\"box two-three \"><section id=\"text-box-234273-106502\" class=\"text_box fadeIn animated\" data-rt-animate=\"animate\" data-rt-animation-type=\"fadeIn\" data-rt-animation-group=\"single\"><div class=\"box two-three \"><section id=\"text-box-160253-106502\" class=\"text_box fadeIn animated\" data-rt-animate=\"animate\" data-rt-animation-type=\"fadeIn\" data-rt-animation-group=\"single\"><div class=\"box two-three \"><section id=\"text-box-592933-106502\" class=\"text_box fadeIn animated\" data-rt-animate=\"animate\" data-rt-animation-type=\"fadeIn\" data-rt-animation-group=\"single\"><div class=\"box two-three \"><section id=\"text-box-673341-106502\" class=\"text_box fadeIn animated\" data-rt-animate=\"animate\" data-rt-animation-type=\"fadeIn\" data-rt-animation-group=\"single\"><div class=\"box two-three \"><section id=\"text-box-478866-106502\" class=\"text_box fadeIn animated\" data-rt-animate=\"animate\" data-rt-animation-type=\"fadeIn\" data-rt-animation-group=\"single\"><div class=\"box two-three \"><section id=\"text-box-678795-106502\" class=\"text_box fadeIn animated\" data-rt-animate=\"animate\" data-rt-animation-type=\"fadeIn\" data-rt-animation-group=\"single\"><div class=\"box two-three \"><section id=\"text-box-841344-106502\" class=\"text_box fadeIn animated\" data-rt-animate=\"animate\" data-rt-animation-type=\"fadeIn\" data-rt-animation-group=\"single\"><div class=\"box two-three \"><section id=\"text-box-100257-106502\" class=\"text_box fadeIn animated\" data-rt-animate=\"animate\" data-rt-animation-type=\"fadeIn\" data-rt-animation-group=\"single\"><div class=\"box two-three \"><section id=\"text-box-752392-106502\" class=\"text_box fadeIn animated\" data-rt-animate=\"animate\" data-rt-animation-type=\"fadeIn\" data-rt-animation-group=\"single\"><div class=\"box two-three \"><section id=\"text-box-324535-106502\" class=\"text_box fadeIn animated\" data-rt-animate=\"animate\" data-rt-animation-type=\"fadeIn\" data-rt-animation-group=\"single\"><section id=\"text-box-652011-106502\" class=\"text_box fadeIn animated\" data-rt-animate=\"animate\" data-rt-animation-type=\"fadeIn\" data-rt-animation-group=\"single\"><section id=\"text-box-758007-106502\" class=\"text_box fadeIn animated\" data-rt-animate=\"animate\" data-rt-animation-type=\"fadeIn\" data-rt-animation-group=\"single\"><section id=\"text-box-758007-106502\" class=\"text_box fadeIn animated\" data-rt-animate=\"animate\" data-rt-animation-type=\"fadeIn\" data-rt-animation-group=\"single\"><section id=\"text-box-233468-106502\" class=\"text_box fadeIn animated\" data-rt-animate=\"animate\" data-rt-animation-type=\"fadeIn\" data-rt-animation-group=\"single\"><section id=\"text-box-690706-106502\" class=\"text_box fadeIn animated\" data-rt-animate=\"animate\" data-rt-animation-type=\"fadeIn\" data-rt-animation-group=\"single\"><section id=\"text-box-702350-106502\" class=\"text_box fadeIn animated\" data-rt-animate=\"animate\" data-rt-animation-type=\"fadeIn\" data-rt-animation-group=\"single\"><section id=\"text-box-166799-106502\" class=\"text_box fadeIn animated\" data-rt-animate=\"animate\" data-rt-animation-type=\"fadeIn\" data-rt-animation-group=\"single\"><section id=\"text-box-380540-106502\" class=\"text_box fadeIn animated\" data-rt-animate=\"animate\" data-rt-animation-type=\"fadeIn\" data-rt-animation-group=\"single\"><section id=\"text-box-506544-106502\" class=\"text_box fadeIn animated\" data-rt-animate=\"animate\" data-rt-animation-type=\"fadeIn\" data-rt-animation-group=\"single\"><section id=\"text-box-215786-106502\" class=\"text_box fadeIn animated\" data-rt-animate=\"animate\" data-rt-animation-type=\"fadeIn\" data-rt-animation-group=\"single\"><section id=\"text-box-800122-106502\" class=\"text_box fadeIn animated\" data-rt-animate=\"animate\" data-rt-animation-type=\"fadeIn\" data-rt-animation-group=\"single\"><section id=\"text-box-681554-106502\" class=\"text_box fadeIn animated\" data-rt-animate=\"animate\" data-rt-animation-type=\"fadeIn\" data-rt-animation-group=\"single\"><section id=\"text-box-619252-106502\" class=\"text_box fadeIn animated\" data-rt-animate=\"animate\" data-rt-animation-type=\"fadeIn\" data-rt-animation-group=\"single\"><section id=\"text-box-658632-106502\" class=\"text_box fadeIn animated\" data-rt-animate=\"animate\" data-rt-animation-type=\"fadeIn\" data-rt-animation-group=\"single\"><p>100 mg Gentamycin sulphate equivalent to base<\/p><\/section><\/section><\/section><\/section><\/section><\/section><\/section><\/section><\/section><\/section><\/section><\/section><\/section><\/section><\/section><\/div><\/section><\/div><\/section><\/div><\/section><\/div><\/section><\/div><\/section><\/div><\/section><\/div><\/section><\/div><\/section><\/div><\/section><\/div><\/section><\/div><\/section><\/div><\/section><\/div><\/section><\/div><\/section><\/div><\/section><\/div><\/section><\/div><\/section><\/section><\/section><\/section><\/section><\/section><\/section><\/section>\t\t\t\t\t\t\t\t<\/div>\n\t\t\t\t<\/div>\n\t\t\t\t<div class=\"elementor-element elementor-element-e174ada elementor-widget elementor-widget-heading\" data-id=\"e174ada\" data-element_type=\"widget\" data-widget_type=\"heading.default\">\n\t\t\t\t<div class=\"elementor-widget-container\">\n\t\t\t\t\t<h4 class=\"elementor-heading-title elementor-size-default\">USAGE AND DOSAGE\n<\/h4>\t\t\t\t<\/div>\n\t\t\t\t<\/div>\n\t\t\t\t<div class=\"elementor-element elementor-element-1193c54 elementor-widget elementor-widget-text-editor\" data-id=\"1193c54\" data-element_type=\"widget\" data-widget_type=\"text-editor.default\">\n\t\t\t\t<div class=\"elementor-widget-container\">\n\t\t\t\t\t\t\t\t\t<p><strong>For cattle ;<\/strong> 2 mg gentamycin\/ kg b.w. (2 ml\/100 kg b.w.) intravenous or intramuscular, twice a for day 3-7 days.<br \/><strong>For Horses ;<\/strong> 6.6 mg gentamycin\/ kg b.w. (6.5 ml\/100 kg b.w.) intravenous, twice a for day 3-5 days. Usage on new borns is not recommended.<br \/><strong>For Cats and Dogs;<\/strong> 4 mg gentamycin\/ kg b.w. (0.2 ml\/5 kg b.w.) twice at first day, single for rest of the treatment for day 3-5 days.<\/p>\t\t\t\t\t\t\t\t<\/div>\n\t\t\t\t<\/div>\n\t\t\t\t<div class=\"elementor-element elementor-element-49051be elementor-widget elementor-widget-heading\" data-id=\"49051be\" data-element_type=\"widget\" data-widget_type=\"heading.default\">\n\t\t\t\t<div class=\"elementor-widget-container\">\n\t\t\t\t\t<h4 class=\"elementor-heading-title elementor-size-default\">INDICATIONS<\/h4>\t\t\t\t<\/div>\n\t\t\t\t<\/div>\n\t\t\t\t<div class=\"elementor-element elementor-element-c60493b elementor-widget elementor-widget-text-editor\" data-id=\"c60493b\" data-element_type=\"widget\" data-widget_type=\"text-editor.default\">\n\t\t\t\t<div class=\"elementor-widget-container\">\n\t\t\t\t\t\t\t\t\t<p>It is indicated for the treatment of respiratory, digestive and urogenital system infections caused by gentamicin-sensitive bacteria, septicemia and other soft-tissue infections in cattle, horses, dogs and cats.<\/p>\t\t\t\t\t\t\t\t<\/div>\n\t\t\t\t<\/div>\n\t\t\t\t<div class=\"elementor-element elementor-element-9fcebc7 elementor-widget elementor-widget-heading\" data-id=\"9fcebc7\" data-element_type=\"widget\" data-widget_type=\"heading.default\">\n\t\t\t\t<div class=\"elementor-widget-container\">\n\t\t\t\t\t<h4 class=\"elementor-heading-title elementor-size-default\">WITHDRAWAL TIME\n<\/h4>\t\t\t\t<\/div>\n\t\t\t\t<\/div>\n\t\t\t\t<div class=\"elementor-element elementor-element-d91bb0d elementor-widget elementor-widget-text-editor\" data-id=\"d91bb0d\" data-element_type=\"widget\" data-widget_type=\"text-editor.default\">\n\t\t\t\t<div class=\"elementor-widget-container\">\n\t\t\t\t\t\t\t\t\t<p>The cattle, raised for meat, should not be sent to slaughtering during the treatment and until a period of 139 days (103 for calves) elapsed for 3 day application, 192 days elapsed for 6 day application and 214 days elapsed for 7 day application. The milk obtained during the treatment and for a period of 7 days (14-milking) following the last drug administration should not be used for human consumption.<\/p>\t\t\t\t\t\t\t\t<\/div>\n\t\t\t\t<\/div>\n\t\t\t\t\t<\/div>\n\t\t<\/div>\n\t\t\t\t<div class=\"elementor-column elementor-col-50 elementor-top-column elementor-element elementor-element-b04e120 urun-image\" data-id=\"b04e120\" data-element_type=\"column\">\n\t\t\t<div class=\"elementor-widget-wrap elementor-element-populated\">\n\t\t\t\t\t\t<div class=\"elementor-element elementor-element-aaa7f11 elementor-widget elementor-widget-image\" data-id=\"aaa7f11\" data-element_type=\"widget\" data-widget_type=\"image.default\">\n\t\t\t\t<div class=\"elementor-widget-container\">\n\t\t\t\t\t\t\t\t\t\t\t\t\t\t\t<img fetchpriority=\"high\" decoding=\"async\" width=\"750\" height=\"750\" src=\"https:\/\/www.ipmilac.com\/en\/wp-content\/uploads\/2023\/06\/ribogen-1024x1024.jpg\" class=\"attachment-large size-large wp-image-4786\" alt=\"\" srcset=\"https:\/\/www.ipmilac.com\/en\/wp-content\/uploads\/2023\/06\/ribogen-1024x1024.jpg 1024w, https:\/\/www.ipmilac.com\/en\/wp-content\/uploads\/2023\/06\/ribogen-300x300.jpg 300w, https:\/\/www.ipmilac.com\/en\/wp-content\/uploads\/2023\/06\/ribogen-150x150.jpg 150w, https:\/\/www.ipmilac.com\/en\/wp-content\/uploads\/2023\/06\/ribogen-768x768.jpg 768w, https:\/\/www.ipmilac.com\/en\/wp-content\/uploads\/2023\/06\/ribogen.jpg 1200w\" sizes=\"(max-width: 750px) 100vw, 750px\" style=\"width:100%;height:100%;max-width:1200px\" \/>\t\t\t\t\t\t\t\t\t\t\t\t\t\t\t<\/div>\n\t\t\t\t<\/div>\n\t\t\t\t\t<\/div>\n\t\t<\/div>\n\t\t\t\t\t<\/div>\n\t\t<\/section>\n\t\t\t\t<\/div>\n\t\t","protected":false},"excerpt":{"rendered":"<p>COMPOSITION 100 mg Gentamycin sulphate equivalent to base USAGE AND DOSAGE For cattle ; 2 mg gentamycin\/ kg b.w. (2 ml\/100 kg b.w.) intravenous or intramuscular, twice a for day 3-7 days.For Horses ; 6.6 mg gentamycin\/ kg b.w. (6.5 ml\/100 kg b.w.) intravenous, twice a for day 3-5 days. Usage on new borns is&hellip; <a class=\"more-link\" href=\"https:\/\/www.ipmilac.com\/en\/products\/animal-health\/horse\/ribogen-solution-for-injection\/\">Okumaya devam et <span class=\"screen-reader-text\">Ribogen Solution for Injection<\/span><\/a><\/p>\n","protected":false},"author":2,"featured_media":0,"parent":431,"menu_order":0,"comment_status":"closed","ping_status":"closed","template":"elementor_header_footer","meta":{"footnotes":""},"class_list":["post-4164","page","type-page","status-publish","hentry","entry"],"yoast_head":"<!-- This site is optimized with the Yoast SEO plugin v26.8 - https:\/\/yoast.com\/product\/yoast-seo-wordpress\/ -->\n<title>Ribogen Solution for Injection - IPM \u0130LA&Ccedil;<\/title>\n<meta name=\"robots\" content=\"index, follow, max-snippet:-1, max-image-preview:large, max-video-preview:-1\" \/>\n<link rel=\"canonical\" href=\"https:\/\/www.ipmilac.com\/en\/products\/animal-health\/horse\/ribogen-solution-for-injection\/\" \/>\n<meta property=\"og:locale\" content=\"tr_TR\" \/>\n<meta property=\"og:type\" content=\"article\" \/>\n<meta property=\"og:title\" content=\"Ribogen Solution for Injection - IPM \u0130LA&Ccedil;\" \/>\n<meta property=\"og:description\" content=\"COMPOSITION 100 mg Gentamycin sulphate equivalent to base USAGE AND DOSAGE For cattle ; 2 mg gentamycin\/ kg b.w. (2 ml\/100 kg b.w.) intravenous or intramuscular, twice a for day 3-7 days.For Horses ; 6.6 mg gentamycin\/ kg b.w. (6.5 ml\/100 kg b.w.) intravenous, twice a for day 3-5 days. Usage on new borns is&hellip; Okumaya devam et Ribogen Solution for Injection\" \/>\n<meta property=\"og:url\" content=\"https:\/\/www.ipmilac.com\/en\/products\/animal-health\/horse\/ribogen-solution-for-injection\/\" \/>\n<meta property=\"og:site_name\" content=\"IPM \u0130LA&Ccedil;\" \/>\n<meta property=\"article:modified_time\" content=\"2023-06-08T21:21:04+00:00\" \/>\n<meta property=\"og:image\" content=\"http:\/\/www.ipmilac.com\/en\/wp-content\/uploads\/2023\/06\/ribogen-1024x1024.jpg\" \/>\n<meta name=\"twitter:card\" content=\"summary_large_image\" \/>\n<meta name=\"twitter:label1\" content=\"Tahmini okuma s\u00fcresi\" \/>\n\t<meta name=\"twitter:data1\" content=\"2 dakika\" \/>\n<script type=\"application\/ld+json\" class=\"yoast-schema-graph\">{\"@context\":\"https:\/\/schema.org\",\"@graph\":[{\"@type\":\"WebPage\",\"@id\":\"https:\/\/www.ipmilac.com\/en\/products\/animal-health\/horse\/ribogen-solution-for-injection\/\",\"url\":\"https:\/\/www.ipmilac.com\/en\/products\/animal-health\/horse\/ribogen-solution-for-injection\/\",\"name\":\"Ribogen Solution for Injection - IPM \u0130LA&Ccedil;\",\"isPartOf\":{\"@id\":\"https:\/\/www.ipmilac.com\/en\/#website\"},\"primaryImageOfPage\":{\"@id\":\"https:\/\/www.ipmilac.com\/en\/products\/animal-health\/horse\/ribogen-solution-for-injection\/#primaryimage\"},\"image\":{\"@id\":\"https:\/\/www.ipmilac.com\/en\/products\/animal-health\/horse\/ribogen-solution-for-injection\/#primaryimage\"},\"thumbnailUrl\":\"http:\/\/www.ipmilac.com\/en\/wp-content\/uploads\/2023\/06\/ribogen-1024x1024.jpg\",\"datePublished\":\"2022-09-03T17:21:09+00:00\",\"dateModified\":\"2023-06-08T21:21:04+00:00\",\"breadcrumb\":{\"@id\":\"https:\/\/www.ipmilac.com\/en\/products\/animal-health\/horse\/ribogen-solution-for-injection\/#breadcrumb\"},\"inLanguage\":\"tr\",\"potentialAction\":[{\"@type\":\"ReadAction\",\"target\":[\"https:\/\/www.ipmilac.com\/en\/products\/animal-health\/horse\/ribogen-solution-for-injection\/\"]}]},{\"@type\":\"ImageObject\",\"inLanguage\":\"tr\",\"@id\":\"https:\/\/www.ipmilac.com\/en\/products\/animal-health\/horse\/ribogen-solution-for-injection\/#primaryimage\",\"url\":\"http:\/\/www.ipmilac.com\/en\/wp-content\/uploads\/2023\/06\/ribogen-1024x1024.jpg\",\"contentUrl\":\"http:\/\/www.ipmilac.com\/en\/wp-content\/uploads\/2023\/06\/ribogen-1024x1024.jpg\"},{\"@type\":\"BreadcrumbList\",\"@id\":\"https:\/\/www.ipmilac.com\/en\/products\/animal-health\/horse\/ribogen-solution-for-injection\/#breadcrumb\",\"itemListElement\":[{\"@type\":\"ListItem\",\"position\":1,\"name\":\"Anasayfa\",\"item\":\"https:\/\/www.ipmilac.com\/en\/\"},{\"@type\":\"ListItem\",\"position\":2,\"name\":\"Products\",\"item\":\"https:\/\/www.ipmilac.com\/en\/products\/\"},{\"@type\":\"ListItem\",\"position\":3,\"name\":\"Animal Health\",\"item\":\"https:\/\/www.ipmilac.com\/en\/products\/animal-health\/\"},{\"@type\":\"ListItem\",\"position\":4,\"name\":\"Horse\",\"item\":\"https:\/\/www.ipmilac.com\/en\/products\/animal-health\/horse\/\"},{\"@type\":\"ListItem\",\"position\":5,\"name\":\"Ribogen Solution for Injection\"}]},{\"@type\":\"WebSite\",\"@id\":\"https:\/\/www.ipmilac.com\/en\/#website\",\"url\":\"https:\/\/www.ipmilac.com\/en\/\",\"name\":\"IPM \u0130LA&Ccedil;\",\"description\":\"Hayvan ve &Ccedil;evre Sa\u011fl\u0131\u011f\u0131\",\"publisher\":{\"@id\":\"https:\/\/www.ipmilac.com\/en\/#organization\"},\"potentialAction\":[{\"@type\":\"SearchAction\",\"target\":{\"@type\":\"EntryPoint\",\"urlTemplate\":\"https:\/\/www.ipmilac.com\/en\/?s={search_term_string}\"},\"query-input\":{\"@type\":\"PropertyValueSpecification\",\"valueRequired\":true,\"valueName\":\"search_term_string\"}}],\"inLanguage\":\"tr\"},{\"@type\":\"Organization\",\"@id\":\"https:\/\/www.ipmilac.com\/en\/#organization\",\"name\":\"IPM \u0130LA&Ccedil;\",\"url\":\"https:\/\/www.ipmilac.com\/en\/\",\"logo\":{\"@type\":\"ImageObject\",\"inLanguage\":\"tr\",\"@id\":\"https:\/\/www.ipmilac.com\/en\/#\/schema\/logo\/image\/\",\"url\":\"https:\/\/www.ipmilac.com\/en\/wp-content\/uploads\/2022\/08\/ipm-logo.png\",\"contentUrl\":\"https:\/\/www.ipmilac.com\/en\/wp-content\/uploads\/2022\/08\/ipm-logo.png\",\"width\":138,\"height\":90,\"caption\":\"IPM \u0130LA&Ccedil;\"},\"image\":{\"@id\":\"https:\/\/www.ipmilac.com\/en\/#\/schema\/logo\/image\/\"}}]}<\/script>\n<!-- \/ Yoast SEO plugin. -->","yoast_head_json":{"title":"Ribogen Solution for Injection - IPM \u0130LA&Ccedil;","robots":{"index":"index","follow":"follow","max-snippet":"max-snippet:-1","max-image-preview":"max-image-preview:large","max-video-preview":"max-video-preview:-1"},"canonical":"https:\/\/www.ipmilac.com\/en\/products\/animal-health\/horse\/ribogen-solution-for-injection\/","og_locale":"tr_TR","og_type":"article","og_title":"Ribogen Solution for Injection - IPM \u0130LA&Ccedil;","og_description":"COMPOSITION 100 mg Gentamycin sulphate equivalent to base USAGE AND DOSAGE For cattle ; 2 mg gentamycin\/ kg b.w. (2 ml\/100 kg b.w.) intravenous or intramuscular, twice a for day 3-7 days.For Horses ; 6.6 mg gentamycin\/ kg b.w. (6.5 ml\/100 kg b.w.) intravenous, twice a for day 3-5 days. Usage on new borns is&hellip; Okumaya devam et Ribogen Solution for Injection","og_url":"https:\/\/www.ipmilac.com\/en\/products\/animal-health\/horse\/ribogen-solution-for-injection\/","og_site_name":"IPM \u0130LA&Ccedil;","article_modified_time":"2023-06-08T21:21:04+00:00","og_image":[{"url":"http:\/\/www.ipmilac.com\/en\/wp-content\/uploads\/2023\/06\/ribogen-1024x1024.jpg","type":"","width":"","height":""}],"twitter_card":"summary_large_image","twitter_misc":{"Tahmini okuma s\u00fcresi":"2 dakika"},"schema":{"@context":"https:\/\/schema.org","@graph":[{"@type":"WebPage","@id":"https:\/\/www.ipmilac.com\/en\/products\/animal-health\/horse\/ribogen-solution-for-injection\/","url":"https:\/\/www.ipmilac.com\/en\/products\/animal-health\/horse\/ribogen-solution-for-injection\/","name":"Ribogen Solution for Injection - IPM \u0130LA&Ccedil;","isPartOf":{"@id":"https:\/\/www.ipmilac.com\/en\/#website"},"primaryImageOfPage":{"@id":"https:\/\/www.ipmilac.com\/en\/products\/animal-health\/horse\/ribogen-solution-for-injection\/#primaryimage"},"image":{"@id":"https:\/\/www.ipmilac.com\/en\/products\/animal-health\/horse\/ribogen-solution-for-injection\/#primaryimage"},"thumbnailUrl":"http:\/\/www.ipmilac.com\/en\/wp-content\/uploads\/2023\/06\/ribogen-1024x1024.jpg","datePublished":"2022-09-03T17:21:09+00:00","dateModified":"2023-06-08T21:21:04+00:00","breadcrumb":{"@id":"https:\/\/www.ipmilac.com\/en\/products\/animal-health\/horse\/ribogen-solution-for-injection\/#breadcrumb"},"inLanguage":"tr","potentialAction":[{"@type":"ReadAction","target":["https:\/\/www.ipmilac.com\/en\/products\/animal-health\/horse\/ribogen-solution-for-injection\/"]}]},{"@type":"ImageObject","inLanguage":"tr","@id":"https:\/\/www.ipmilac.com\/en\/products\/animal-health\/horse\/ribogen-solution-for-injection\/#primaryimage","url":"http:\/\/www.ipmilac.com\/en\/wp-content\/uploads\/2023\/06\/ribogen-1024x1024.jpg","contentUrl":"http:\/\/www.ipmilac.com\/en\/wp-content\/uploads\/2023\/06\/ribogen-1024x1024.jpg"},{"@type":"BreadcrumbList","@id":"https:\/\/www.ipmilac.com\/en\/products\/animal-health\/horse\/ribogen-solution-for-injection\/#breadcrumb","itemListElement":[{"@type":"ListItem","position":1,"name":"Anasayfa","item":"https:\/\/www.ipmilac.com\/en\/"},{"@type":"ListItem","position":2,"name":"Products","item":"https:\/\/www.ipmilac.com\/en\/products\/"},{"@type":"ListItem","position":3,"name":"Animal Health","item":"https:\/\/www.ipmilac.com\/en\/products\/animal-health\/"},{"@type":"ListItem","position":4,"name":"Horse","item":"https:\/\/www.ipmilac.com\/en\/products\/animal-health\/horse\/"},{"@type":"ListItem","position":5,"name":"Ribogen Solution for Injection"}]},{"@type":"WebSite","@id":"https:\/\/www.ipmilac.com\/en\/#website","url":"https:\/\/www.ipmilac.com\/en\/","name":"IPM \u0130LA&Ccedil;","description":"Hayvan ve &Ccedil;evre Sa\u011fl\u0131\u011f\u0131","publisher":{"@id":"https:\/\/www.ipmilac.com\/en\/#organization"},"potentialAction":[{"@type":"SearchAction","target":{"@type":"EntryPoint","urlTemplate":"https:\/\/www.ipmilac.com\/en\/?s={search_term_string}"},"query-input":{"@type":"PropertyValueSpecification","valueRequired":true,"valueName":"search_term_string"}}],"inLanguage":"tr"},{"@type":"Organization","@id":"https:\/\/www.ipmilac.com\/en\/#organization","name":"IPM \u0130LA&Ccedil;","url":"https:\/\/www.ipmilac.com\/en\/","logo":{"@type":"ImageObject","inLanguage":"tr","@id":"https:\/\/www.ipmilac.com\/en\/#\/schema\/logo\/image\/","url":"https:\/\/www.ipmilac.com\/en\/wp-content\/uploads\/2022\/08\/ipm-logo.png","contentUrl":"https:\/\/www.ipmilac.com\/en\/wp-content\/uploads\/2022\/08\/ipm-logo.png","width":138,"height":90,"caption":"IPM \u0130LA&Ccedil;"},"image":{"@id":"https:\/\/www.ipmilac.com\/en\/#\/schema\/logo\/image\/"}}]}},"_links":{"self":[{"href":"https:\/\/www.ipmilac.com\/en\/wp-json\/wp\/v2\/pages\/4164","targetHints":{"allow":["GET"]}}],"collection":[{"href":"https:\/\/www.ipmilac.com\/en\/wp-json\/wp\/v2\/pages"}],"about":[{"href":"https:\/\/www.ipmilac.com\/en\/wp-json\/wp\/v2\/types\/page"}],"author":[{"embeddable":true,"href":"https:\/\/www.ipmilac.com\/en\/wp-json\/wp\/v2\/users\/2"}],"replies":[{"embeddable":true,"href":"https:\/\/www.ipmilac.com\/en\/wp-json\/wp\/v2\/comments?post=4164"}],"version-history":[{"count":13,"href":"https:\/\/www.ipmilac.com\/en\/wp-json\/wp\/v2\/pages\/4164\/revisions"}],"predecessor-version":[{"id":5070,"href":"https:\/\/www.ipmilac.com\/en\/wp-json\/wp\/v2\/pages\/4164\/revisions\/5070"}],"up":[{"embeddable":true,"href":"https:\/\/www.ipmilac.com\/en\/wp-json\/wp\/v2\/pages\/431"}],"wp:attachment":[{"href":"https:\/\/www.ipmilac.com\/en\/wp-json\/wp\/v2\/media?parent=4164"}],"curies":[{"name":"wp","href":"https:\/\/api.w.org\/{rel}","templated":true}]}}